{"id":7,"date":"2020-04-05T14:02:00","date_gmt":"2020-04-05T14:02:00","guid":{"rendered":"https:\/\/jfleblanc.dectim.ca\/cours\/cw4\/semaine10\/?page_id=7"},"modified":"2021-11-05T18:19:43","modified_gmt":"2021-11-05T18:19:43","slug":"accueil","status":"publish","type":"page","link":"https:\/\/demos.dectim.ca\/pw\/multilingue\/","title":{"rendered":"Films \u00e0 l&rsquo;affiche"},"content":{"rendered":"\n<p>Alors que nous sommes toujours dans l&rsquo;\u00e8re Covid, on peut affirmer haut et fort que les restrictions soci\u00e9tales nous emp\u00eachant de nous regrouper nous fait maintenant appr\u00e9cier davantage certaines petites choses que nous prenions pour acquis dans l&rsquo;ancienne \u00e8re.<\/p>\n\n\n\n<p>Alors que le fait de pouvoir retourner voir un film en salle est une super nouvelle, on peut affirmer que le fait de pouvoir r\u00e9server un si\u00e8ge pr\u00e9cis est une b\u00e9n\u00e9diction des Dieux.<\/p>\n\n\n\n<p>Vous trouvez ci-bas tous les films qui sont pr\u00e9sentement \u00e0 l&rsquo;affiche dans l&rsquo;une de nos salles.<br>Bon cin\u00e9ma??!<\/p>\n\n\n\n<p><\/p>\n","protected":false},"excerpt":{"rendered":"<p>Alors que nous sommes toujours dans l&rsquo;\u00e8re Covid, on peut [&hellip;]<\/p>\n","protected":false},"author":1,"featured_media":0,"parent":0,"menu_order":0,"comment_status":"closed","ping_status":"closed","template":"","meta":{"footnotes":""},"class_list":["post-7","page","type-page","status-publish","hentry"],"acf":[],"_links":{"self":[{"href":"https:\/\/demos.dectim.ca\/pw\/multilingue\/wp-json\/wp\/v2\/pages\/7","targetHints":{"allow":["GET"]}}],"collection":[{"href":"https:\/\/demos.dectim.ca\/pw\/multilingue\/wp-json\/wp\/v2\/pages"}],"about":[{"href":"https:\/\/demos.dectim.ca\/pw\/multilingue\/wp-json\/wp\/v2\/types\/page"}],"author":[{"embeddable":true,"href":"https:\/\/demos.dectim.ca\/pw\/multilingue\/wp-json\/wp\/v2\/users\/1"}],"replies":[{"embeddable":true,"href":"https:\/\/demos.dectim.ca\/pw\/multilingue\/wp-json\/wp\/v2\/comments?post=7"}],"version-history":[{"count":3,"href":"https:\/\/demos.dectim.ca\/pw\/multilingue\/wp-json\/wp\/v2\/pages\/7\/revisions"}],"predecessor-version":[{"id":280,"href":"https:\/\/demos.dectim.ca\/pw\/multilingue\/wp-json\/wp\/v2\/pages\/7\/revisions\/280"}],"wp:attachment":[{"href":"https:\/\/demos.dectim.ca\/pw\/multilingue\/wp-json\/wp\/v2\/media?parent=7"}],"curies":[{"name":"wp","href":"https:\/\/api.w.org\/{rel}","templated":true}]}}