{"id":9,"date":"2022-08-30T19:24:50","date_gmt":"2022-08-30T19:24:50","guid":{"rendered":"https:\/\/demos.dectim.ca\/pw\/etim-p2\/?page_id=9"},"modified":"2023-08-16T18:34:54","modified_gmt":"2023-08-16T18:34:54","slug":"accueil","status":"publish","type":"page","link":"https:\/\/demos.dectim.ca\/pw\/etim-p2\/","title":{"rendered":"Jouez avec nous"},"content":{"rendered":"\n<h2 class=\"wp-block-heading\">Nos plus anciens jeux<\/h2>\n\n\n\n<p>Dans le cadre de nos comp\u00e9titions Esports, nous favorisons une panoplie de jeux riches qui ont \u00e9t\u00e9 adapt\u00e9s par les diff\u00e9rentes d\u00e9veloppeurs selon nos crit\u00e8res. C\u2019est pourquoi nous \u00e9voluons dans des environnements uniques et exclusifs qui sont propre \u00e0 e.tim!<\/p>\n\n\n\n<p>Parce qu&rsquo;on ne fait pas les choses \u00e0 moiti\u00e9, voici nos jeux \u00e0 commencer par les plus vieux.<\/p>\n","protected":false},"excerpt":{"rendered":"<p>Nos plus anciens jeux Dans le cadre de nos comp\u00e9titions Esports, nous favorisons une panoplie de jeux riches qui ont \u00e9t\u00e9 adapt\u00e9s par les diff\u00e9rentes d\u00e9veloppeurs selon nos crit\u00e8res. C\u2019est pourquoi nous \u00e9voluons dans des environnements uniques et exclusifs qui sont propre \u00e0 e.tim! Parce qu&rsquo;on ne fait pas les choses \u00e0 moiti\u00e9, voici nos [&hellip;]<\/p>\n","protected":false},"author":1,"featured_media":23,"parent":0,"menu_order":0,"comment_status":"closed","ping_status":"closed","template":"","meta":{"_acf_changed":false,"footnotes":""},"class_list":["post-9","page","type-page","status-publish","has-post-thumbnail","hentry"],"acf":[],"_links":{"self":[{"href":"https:\/\/demos.dectim.ca\/pw\/etim-p2\/wp-json\/wp\/v2\/pages\/9","targetHints":{"allow":["GET"]}}],"collection":[{"href":"https:\/\/demos.dectim.ca\/pw\/etim-p2\/wp-json\/wp\/v2\/pages"}],"about":[{"href":"https:\/\/demos.dectim.ca\/pw\/etim-p2\/wp-json\/wp\/v2\/types\/page"}],"author":[{"embeddable":true,"href":"https:\/\/demos.dectim.ca\/pw\/etim-p2\/wp-json\/wp\/v2\/users\/1"}],"replies":[{"embeddable":true,"href":"https:\/\/demos.dectim.ca\/pw\/etim-p2\/wp-json\/wp\/v2\/comments?post=9"}],"version-history":[{"count":5,"href":"https:\/\/demos.dectim.ca\/pw\/etim-p2\/wp-json\/wp\/v2\/pages\/9\/revisions"}],"predecessor-version":[{"id":116,"href":"https:\/\/demos.dectim.ca\/pw\/etim-p2\/wp-json\/wp\/v2\/pages\/9\/revisions\/116"}],"wp:featuredmedia":[{"embeddable":true,"href":"https:\/\/demos.dectim.ca\/pw\/etim-p2\/wp-json\/wp\/v2\/media\/23"}],"wp:attachment":[{"href":"https:\/\/demos.dectim.ca\/pw\/etim-p2\/wp-json\/wp\/v2\/media?parent=9"}],"curies":[{"name":"wp","href":"https:\/\/api.w.org\/{rel}","templated":true}]}}