{"id":35,"date":"2022-08-30T19:50:36","date_gmt":"2022-08-30T19:50:36","guid":{"rendered":"https:\/\/demos.dectim.ca\/pw\/etim-p1\/?page_id=35"},"modified":"2022-08-30T19:59:45","modified_gmt":"2022-08-30T19:59:45","slug":"nos-jeux","status":"publish","type":"page","link":"https:\/\/demos.dectim.ca\/pw\/etim-p1\/nos-jeux\/","title":{"rendered":"Nos jeux"},"content":{"rendered":"\n<h2 class=\"wp-block-heading\">Ce qui nous passionne<\/h2>\n\n\n\n<p>Voici la liste compl\u00e8te de tous les jeux pour lesquels nous comp\u00e9titionnons. De nouveaux seront ajout\u00e9s occasionnellement et d\u2019autres seront retir\u00e9s.<br>Merci de rester \u00e0 l\u2019aff\u00fbt!<\/p>\n","protected":false},"excerpt":{"rendered":"<p>Ce qui nous passionne Voici la liste compl\u00e8te de tous les jeux pour lesquels nous comp\u00e9titionnons. De nouveaux seront ajout\u00e9s occasionnellement et d\u2019autres seront retir\u00e9s.Merci de rester \u00e0 l\u2019aff\u00fbt!<\/p>\n","protected":false},"author":1,"featured_media":23,"parent":0,"menu_order":0,"comment_status":"closed","ping_status":"closed","template":"tpl-jeux.php","meta":{"_acf_changed":false,"footnotes":""},"class_list":["post-35","page","type-page","status-publish","has-post-thumbnail","hentry"],"acf":[],"_links":{"self":[{"href":"https:\/\/demos.dectim.ca\/pw\/etim-p1\/wp-json\/wp\/v2\/pages\/35","targetHints":{"allow":["GET"]}}],"collection":[{"href":"https:\/\/demos.dectim.ca\/pw\/etim-p1\/wp-json\/wp\/v2\/pages"}],"about":[{"href":"https:\/\/demos.dectim.ca\/pw\/etim-p1\/wp-json\/wp\/v2\/types\/page"}],"author":[{"embeddable":true,"href":"https:\/\/demos.dectim.ca\/pw\/etim-p1\/wp-json\/wp\/v2\/users\/1"}],"replies":[{"embeddable":true,"href":"https:\/\/demos.dectim.ca\/pw\/etim-p1\/wp-json\/wp\/v2\/comments?post=35"}],"version-history":[{"count":1,"href":"https:\/\/demos.dectim.ca\/pw\/etim-p1\/wp-json\/wp\/v2\/pages\/35\/revisions"}],"predecessor-version":[{"id":36,"href":"https:\/\/demos.dectim.ca\/pw\/etim-p1\/wp-json\/wp\/v2\/pages\/35\/revisions\/36"}],"wp:featuredmedia":[{"embeddable":true,"href":"https:\/\/demos.dectim.ca\/pw\/etim-p1\/wp-json\/wp\/v2\/media\/23"}],"wp:attachment":[{"href":"https:\/\/demos.dectim.ca\/pw\/etim-p1\/wp-json\/wp\/v2\/media?parent=35"}],"curies":[{"name":"wp","href":"https:\/\/api.w.org\/{rel}","templated":true}]}}